	{"id":11980,"date":"2022-03-14T08:53:47","date_gmt":"2022-03-14T14:53:47","guid":{"rendered":"https:\/\/34.226.220.5\/?page_id=11980"},"modified":"2022-08-22T13:45:19","modified_gmt":"2022-08-22T19:45:19","slug":"legal","status":"publish","type":"page","link":"https:\/\/howlettcapitalcr.com\/en\/legal\/","title":{"rendered":"Legal"},"content":{"rendered":"<div data-elementor-type=\"wp-page\" data-elementor-id=\"11980\" class=\"elementor elementor-11980\" data-elementor-settings=\"[]\">\n\t\t\t\t\t\t\t<div class=\"elementor-section-wrap\">\n\t\t\t\t\t\t\t<section class=\"elementor-section elementor-top-section elementor-element elementor-element-6242539 elementor-section-boxed elementor-section-height-default elementor-section-height-default\" data-id=\"6242539\" data-element_type=\"section\">\n\t\t\t\t\t\t<div class=\"elementor-container elementor-column-gap-default\">\n\t\t\t\t\t<div class=\"elementor-column elementor-col-100 elementor-top-column elementor-element elementor-element-d90c559 column-style-top\" data-id=\"d90c559\" data-element_type=\"column\">\n\t\t\t<div class=\"elementor-widget-wrap elementor-element-populated\">\n\t\t\t\t\t\t\t\t<div class=\"elementor-element elementor-element-d655b4a elementor-widget elementor-widget-spacer\" data-id=\"d655b4a\" data-element_type=\"widget\" data-widget_type=\"spacer.default\">\n\t\t\t\t<div class=\"elementor-widget-container\">\n\t\t\t\t\t<div class=\"elementor-spacer\">\n\t\t\t<div class=\"elementor-spacer-inner\"><\/div>\n\t\t<\/div>\n\t\t\t\t<\/div>\n\t\t\t\t<\/div>\n\t\t\t\t<div class=\"elementor-element elementor-element-1236d95 elementor-widget elementor-widget-text-editor\" data-id=\"1236d95\" data-element_type=\"widget\" data-widget_type=\"text-editor.default\">\n\t\t\t\t<div class=\"elementor-widget-container\">\n\t\t\t<style>\/*! elementor - v3.5.6 - 28-02-2022 *\/\n.elementor-widget-text-editor.elementor-drop-cap-view-stacked .elementor-drop-cap{background-color:#818a91;color:#fff}.elementor-widget-text-editor.elementor-drop-cap-view-framed .elementor-drop-cap{color:#818a91;border:3px solid;background-color:transparent}.elementor-widget-text-editor:not(.elementor-drop-cap-view-default) .elementor-drop-cap{margin-top:8px}.elementor-widget-text-editor:not(.elementor-drop-cap-view-default) .elementor-drop-cap-letter{width:1em;height:1em}.elementor-widget-text-editor .elementor-drop-cap{float:left;text-align:center;line-height:1;font-size:50px}.elementor-widget-text-editor .elementor-drop-cap-letter{display:inline-block}<\/style>\t\t\t\tLa inscripci\u00f3n de Howlett Capital S.A, con c\u00e9dula jur\u00eddica 3-101-737398, ante la Superintendencia General de Entidades Financieras no es una autorizaci\u00f3n para operar, y la supervisi\u00f3n que ejerce esa Superintendencia es s\u00f3lo en materia de prevenci\u00f3n de legitimaci\u00f3n de capitales, financiamiento al terrorismo y financiamiento de la proliferaci\u00f3n de armas de destrucci\u00f3n masiva, seg\u00fan lo dispuesto en la Ley N\u00b0 7786, \u201cLey sobre estupefacientes, sustancias psicotr\u00f3picas, drogas de uso no autorizado, actividades conexas, legitimaci\u00f3n de capitales y financiamiento al terrorismo\u201d. Por lo tanto, la SUGEF no supervisa los negocios que ofrece y realiza la empresa, ni su seguridad, estabilidad o solvencia. Las personas que contraten sus productos y servicios lo hacen bajo su cuenta y riesgo.\n\t\t\t\t\t\t<\/div>\n\t\t\t\t<\/div>\n\t\t\t\t<div class=\"elementor-element elementor-element-d89a59d elementor-widget elementor-widget-spacer\" data-id=\"d89a59d\" data-element_type=\"widget\" data-widget_type=\"spacer.default\">\n\t\t\t\t<div class=\"elementor-widget-container\">\n\t\t\t\t\t<div class=\"elementor-spacer\">\n\t\t\t<div class=\"elementor-spacer-inner\"><\/div>\n\t\t<\/div>\n\t\t\t\t<\/div>\n\t\t\t\t<\/div>\n\t\t\t\t\t<\/div>\n\t\t<\/div>\n\t\t\t\t\t\t\t<\/div>\n\t\t<\/section>\n\t\t\t\t\t\t<\/div>\n\t\t\t\t\t<\/div>","protected":false},"excerpt":{"rendered":"<p>La inscripci\u00f3n de Howlett Capital S.A, con c\u00e9dula jur\u00eddica 3-101-737398, ante la Superintendencia General de Entidades Financieras no es una autorizaci\u00f3n para operar, y la supervisi\u00f3n que ejerce esa Superintendencia [&hellip;]<\/p>","protected":false},"author":2,"featured_media":0,"parent":0,"menu_order":0,"comment_status":"closed","ping_status":"closed","template":"","meta":[],"wpcf_dashboard":"<div class=\"woocommerce\"><div class=\"woocommerce-info\">Please log in first? <a class=\"wpneoShowLogin\" href=\"#\">Click here to login<\/a><\/div><div class=\"wpneo_login_form_div\" style=\"display: none;\">\n\t\t<form name=\"loginform\" id=\"loginform\" action=\"https:\/\/howlettcapitalcr.com\/wp-login.php\" method=\"post\">\n\t\t\t\n\t\t\t<p class=\"login-username\">\n\t\t\t\t<label for=\"user_login\">Username or Email Address<\/label>\n\t\t\t\t<input type=\"text\" name=\"log\" id=\"user_login\" class=\"input\" value=\"\" size=\"20\" \/>\n\t\t\t<\/p>\n\t\t\t<p class=\"login-password\">\n\t\t\t\t<label for=\"user_pass\">Password<\/label>\n\t\t\t\t<input type=\"password\" name=\"pwd\" id=\"user_pass\" class=\"input\" value=\"\" size=\"20\" \/>\n\t\t\t<\/p>\n\t\t\t\n\t\t\t<p class=\"login-remember\"><label><input name=\"rememberme\" type=\"checkbox\" id=\"rememberme\" value=\"forever\" \/> Remember Me<\/label><\/p>\n\t\t\t<p class=\"login-submit\">\n\t\t\t\t<input type=\"submit\" name=\"wp-submit\" id=\"wp-submit\" class=\"button button-primary\" value=\"Log In\" \/>\n\t\t\t\t<input type=\"hidden\" name=\"redirect_to\" value=\"https:\/\/howlettcapitalcr.com\/en\/wp-json\/wp\/v2\/pages\/11980\" \/>\n\t\t\t<\/p>\n\t\t\t\n\t\t<\/form><\/div><\/div>","_links":{"self":[{"href":"https:\/\/howlettcapitalcr.com\/en\/wp-json\/wp\/v2\/pages\/11980"}],"collection":[{"href":"https:\/\/howlettcapitalcr.com\/en\/wp-json\/wp\/v2\/pages"}],"about":[{"href":"https:\/\/howlettcapitalcr.com\/en\/wp-json\/wp\/v2\/types\/page"}],"author":[{"embeddable":true,"href":"https:\/\/howlettcapitalcr.com\/en\/wp-json\/wp\/v2\/users\/2"}],"replies":[{"embeddable":true,"href":"https:\/\/howlettcapitalcr.com\/en\/wp-json\/wp\/v2\/comments?post=11980"}],"version-history":[{"count":19,"href":"https:\/\/howlettcapitalcr.com\/en\/wp-json\/wp\/v2\/pages\/11980\/revisions"}],"predecessor-version":[{"id":12999,"href":"https:\/\/howlettcapitalcr.com\/en\/wp-json\/wp\/v2\/pages\/11980\/revisions\/12999"}],"wp:attachment":[{"href":"https:\/\/howlettcapitalcr.com\/en\/wp-json\/wp\/v2\/media?parent=11980"}],"curies":[{"name":"wp","href":"https:\/\/api.w.org\/{rel}","templated":true}]}}